{"id":1182,"date":"2023-09-05T12:21:04","date_gmt":"2023-09-05T12:21:04","guid":{"rendered":"https:\/\/vultura.net\/boutique\/"},"modified":"2025-09-18T08:50:28","modified_gmt":"2025-09-18T08:50:28","slug":"boutique","status":"publish","type":"page","link":"https:\/\/vultura.net\/fr\/boutique\/","title":{"rendered":"Boutique"},"content":{"rendered":"<div class=\"wpb-content-wrapper\"><p>[vc_row full_width=\u00a0\u00bbstretch_row_content_no_spaces\u00a0\u00bb content_placement=\u00a0\u00bbmiddle\u00a0\u00bb][vc_column width=\u00a0\u00bb1\/6&Prime;][\/vc_column][vc_column width=\u00a0\u00bb2\/6&Prime;][vc_single_image image=\u00a0\u00bb1883&Prime; img_size=\u00a0\u00bbmedium\u00a0\u00bb alignment=\u00a0\u00bbcenter\u00a0\u00bb][\/vc_column][vc_column width=\u00a0\u00bb2\/6&Prime;][vc_custom_heading text=\u00a0\u00bbNEPTO\u00a0\u00bb font_container=\u00a0\u00bbtag:h4|text_align:left\u00a0\u00bb][vc_column_text]<\/p>\n<p style=\"text-align: justify;\">En coop\u00e9ration avec l&rsquo;horloger franco-allemand et fondateur Vincent Ifrah de NEPTO SAS, Cecilie Bluthardt et Ellebasi Gebhardt d\u00e9veloppent la collection de montres Vultura, que NEPTO propose \u00e0 la vente. Nous vous invitons \u00e0 commander votre montre sur nepto.net. Sur le site de NEPTO, vous pouvez effectuer vos achats en toute s\u00e9curit\u00e9 et b\u00e9n\u00e9ficier de toutes les garanties Vultura : paiement s\u00e9curis\u00e9, livraison gratuite, garantie de 2 ans, droit de retour de 30 jours.<\/p>\n<p>[\/vc_column_text][vc_btn title=\u00a0\u00bbAcheter sur NEPTO\u00a0\u00bb style=\u00a0\u00bbclassic\u00a0\u00bb shape=\u00a0\u00bbround\u00a0\u00bb color=\u00a0\u00bbgreen\u00a0\u00bb size=\u00a0\u00bbxs\u00a0\u00bb align=\u00a0\u00bbcenter\u00a0\u00bb css=\u00a0\u00bb\u00a0\u00bb link=\u00a0\u00bburl:https%3A%2F%2Fnepto.net%2Ffr%2Fcollection-vultura%2F|target:_blank\u00a0\u00bb][\/vc_column][vc_column width=\u00a0\u00bb1\/6&Prime;][\/vc_column][\/vc_row][vc_row full_width=\u00a0\u00bbstretch_row_content_no_spaces\u00a0\u00bb content_placement=\u00a0\u00bbmiddle\u00a0\u00bb][vc_column width=\u00a0\u00bb1\/6&Prime;][\/vc_column][vc_column width=\u00a0\u00bb2\/6&Prime;][vc_single_image image=\u00a0\u00bb1692&Prime; img_size=\u00a0\u00bbmedium\u00a0\u00bb alignment=\u00a0\u00bbcenter\u00a0\u00bb][\/vc_column][vc_column width=\u00a0\u00bb2\/6&Prime;][vc_custom_heading text=\u00a0\u00bbZALANDO\u00a0\u00bb font_container=\u00a0\u00bbtag:h4|text_align:left\u00a0\u00bb][vc_column_text]<\/p>\n<p style=\"text-align: justify;\">Zalando est la premi\u00e8re plateforme de commerce \u00e9lectronique d&rsquo;Europe pour la mode et le style de vie, des v\u00eatements aux accessoires. NEPTO et sa collection de montres Vultura sont pr\u00e9sents dans 19 pays via la plateforme Zalando. Vous pouvez facilement commander les montres Vultura via le site web ou l&rsquo;application mobile correspondante et profiter de la garantie Zalando.<\/p>\n<p>[\/vc_column_text][vc_btn title=\u00a0\u00bbAcheter sur ZALANDO\u00a0\u00bb style=\u00a0\u00bbclassic\u00a0\u00bb shape=\u00a0\u00bbround\u00a0\u00bb color=\u00a0\u00bbgreen\u00a0\u00bb size=\u00a0\u00bbxs\u00a0\u00bb align=\u00a0\u00bbcenter\u00a0\u00bb css=\u00a0\u00bb\u00a0\u00bb link=\u00a0\u00bburl:https%3A%2F%2Fwww.zalando.fr%2Fmontres-femme%2Fnepto%2F|target:_blank\u00a0\u00bb][\/vc_column][vc_column width=\u00a0\u00bb1\/6&Prime;][\/vc_column][\/vc_row][vc_row full_width=\u00a0\u00bbstretch_row_content_no_spaces\u00a0\u00bb content_placement=\u00a0\u00bbmiddle\u00a0\u00bb][vc_column width=\u00a0\u00bb1\/6&Prime;][\/vc_column][vc_column width=\u00a0\u00bb2\/3&Prime;][vc_single_image image=\u00a0\u00bb1728&Prime; img_size=\u00a0\u00bbfull\u00a0\u00bb alignment=\u00a0\u00bbcenter\u00a0\u00bb][\/vc_column][vc_column width=\u00a0\u00bb1\/6&Prime;][\/vc_column][\/vc_row]<\/p>\n<\/div>","protected":false},"excerpt":{"rendered":"<p>[vc_row full_width=\u00a0\u00bbstretch_row_content_no_spaces\u00a0\u00bb content_placement=\u00a0\u00bbmiddle\u00a0\u00bb][vc_column width=\u00a0\u00bb1\/6&Prime;][\/vc_column][vc_column width=\u00a0\u00bb2\/6&Prime;][vc_single_image image=\u00a0\u00bb1883&Prime; img_size=\u00a0\u00bbmedium\u00a0\u00bb alignment=\u00a0\u00bbcenter\u00a0\u00bb][\/vc_column][vc_column width=\u00a0\u00bb2\/6&Prime;][vc_custom_heading text=\u00a0\u00bbNEPTO\u00a0\u00bb font_container=\u00a0\u00bbtag:h4|text_align:left\u00a0\u00bb][vc_column_text] En coop\u00e9ration avec l&rsquo;horloger franco-allemand et fondateur Vincent Ifrah de NEPTO SAS, Cecilie Bluthardt et Ellebasi Gebhardt d\u00e9veloppent la collection de montres Vultura, que NEPTO propose \u00e0 la vente. Nous vous invitons \u00e0 commander votre montre sur nepto.net. Sur le site de NEPTO, vous [&hellip;]<\/p>\n","protected":false},"author":1,"featured_media":0,"parent":0,"menu_order":0,"comment_status":"closed","ping_status":"closed","template":"","meta":{"_acf_changed":false,"hide_page_title":"","footnotes":""},"class_list":["post-1182","page","type-page","status-publish","hentry"],"acf":[],"yoast_head":"<!-- This site is optimized with the Yoast SEO plugin v26.1.1 - https:\/\/yoast.com\/wordpress\/plugins\/seo\/ -->\n<title>Boutique - Vultura<\/title>\n<meta name=\"description\" content=\"Boutiques pour trouver les montres Vultura : NEPTO, OCARAT, ZALANDO\" \/>\n<meta name=\"robots\" content=\"index, follow, max-snippet:-1, max-image-preview:large, max-video-preview:-1\" \/>\n<link rel=\"canonical\" href=\"https:\/\/vultura.net\/fr\/boutique\/\" \/>\n<meta property=\"og:locale\" content=\"fr_FR\" \/>\n<meta property=\"og:type\" content=\"article\" \/>\n<meta property=\"og:title\" content=\"Boutique - Vultura\" \/>\n<meta property=\"og:description\" content=\"Boutiques pour trouver les montres Vultura : NEPTO, OCARAT, ZALANDO\" \/>\n<meta property=\"og:url\" content=\"https:\/\/vultura.net\/fr\/boutique\/\" \/>\n<meta property=\"og:site_name\" content=\"Vultura\" \/>\n<meta property=\"article:modified_time\" content=\"2025-09-18T08:50:28+00:00\" \/>\n<meta name=\"twitter:card\" content=\"summary_large_image\" \/>\n<meta name=\"twitter:label1\" content=\"Dur\u00e9e de lecture estim\u00e9e\" \/>\n\t<meta name=\"twitter:data1\" content=\"2 minutes\" \/>\n<script type=\"application\/ld+json\" class=\"yoast-schema-graph\">{\"@context\":\"https:\/\/schema.org\",\"@graph\":[{\"@type\":\"WebPage\",\"@id\":\"https:\/\/vultura.net\/fr\/boutique\/\",\"url\":\"https:\/\/vultura.net\/fr\/boutique\/\",\"name\":\"Boutique - Vultura\",\"isPartOf\":{\"@id\":\"https:\/\/vultura.net\/#website\"},\"datePublished\":\"2023-09-05T12:21:04+00:00\",\"dateModified\":\"2025-09-18T08:50:28+00:00\",\"description\":\"Boutiques pour trouver les montres Vultura : NEPTO, OCARAT, ZALANDO\",\"inLanguage\":\"fr-FR\",\"potentialAction\":[{\"@type\":\"ReadAction\",\"target\":[\"https:\/\/vultura.net\/fr\/boutique\/\"]}]},{\"@type\":\"WebSite\",\"@id\":\"https:\/\/vultura.net\/#website\",\"url\":\"https:\/\/vultura.net\/\",\"name\":\"Vultura\",\"description\":\"It&#039;s about time\",\"publisher\":{\"@id\":\"https:\/\/vultura.net\/#organization\"},\"potentialAction\":[{\"@type\":\"SearchAction\",\"target\":{\"@type\":\"EntryPoint\",\"urlTemplate\":\"https:\/\/vultura.net\/?s={search_term_string}\"},\"query-input\":{\"@type\":\"PropertyValueSpecification\",\"valueRequired\":true,\"valueName\":\"search_term_string\"}}],\"inLanguage\":\"fr-FR\"},{\"@type\":\"Organization\",\"@id\":\"https:\/\/vultura.net\/#organization\",\"name\":\"Vultura\",\"url\":\"https:\/\/vultura.net\/\",\"logo\":{\"@type\":\"ImageObject\",\"inLanguage\":\"fr-FR\",\"@id\":\"https:\/\/vultura.net\/#\/schema\/logo\/image\/\",\"url\":\"https:\/\/vultura.net\/wp-content\/uploads\/2023\/08\/Vultura-logo.png\",\"contentUrl\":\"https:\/\/vultura.net\/wp-content\/uploads\/2023\/08\/Vultura-logo.png\",\"width\":120,\"height\":40,\"caption\":\"Vultura\"},\"image\":{\"@id\":\"https:\/\/vultura.net\/#\/schema\/logo\/image\/\"}}]}<\/script>\n<!-- \/ Yoast SEO plugin. -->","yoast_head_json":{"title":"Boutique - Vultura","description":"Boutiques pour trouver les montres Vultura : NEPTO, OCARAT, ZALANDO","robots":{"index":"index","follow":"follow","max-snippet":"max-snippet:-1","max-image-preview":"max-image-preview:large","max-video-preview":"max-video-preview:-1"},"canonical":"https:\/\/vultura.net\/fr\/boutique\/","og_locale":"fr_FR","og_type":"article","og_title":"Boutique - Vultura","og_description":"Boutiques pour trouver les montres Vultura : NEPTO, OCARAT, ZALANDO","og_url":"https:\/\/vultura.net\/fr\/boutique\/","og_site_name":"Vultura","article_modified_time":"2025-09-18T08:50:28+00:00","twitter_card":"summary_large_image","twitter_misc":{"Dur\u00e9e de lecture estim\u00e9e":"2 minutes"},"schema":{"@context":"https:\/\/schema.org","@graph":[{"@type":"WebPage","@id":"https:\/\/vultura.net\/fr\/boutique\/","url":"https:\/\/vultura.net\/fr\/boutique\/","name":"Boutique - Vultura","isPartOf":{"@id":"https:\/\/vultura.net\/#website"},"datePublished":"2023-09-05T12:21:04+00:00","dateModified":"2025-09-18T08:50:28+00:00","description":"Boutiques pour trouver les montres Vultura : NEPTO, OCARAT, ZALANDO","inLanguage":"fr-FR","potentialAction":[{"@type":"ReadAction","target":["https:\/\/vultura.net\/fr\/boutique\/"]}]},{"@type":"WebSite","@id":"https:\/\/vultura.net\/#website","url":"https:\/\/vultura.net\/","name":"Vultura","description":"It&#039;s about time","publisher":{"@id":"https:\/\/vultura.net\/#organization"},"potentialAction":[{"@type":"SearchAction","target":{"@type":"EntryPoint","urlTemplate":"https:\/\/vultura.net\/?s={search_term_string}"},"query-input":{"@type":"PropertyValueSpecification","valueRequired":true,"valueName":"search_term_string"}}],"inLanguage":"fr-FR"},{"@type":"Organization","@id":"https:\/\/vultura.net\/#organization","name":"Vultura","url":"https:\/\/vultura.net\/","logo":{"@type":"ImageObject","inLanguage":"fr-FR","@id":"https:\/\/vultura.net\/#\/schema\/logo\/image\/","url":"https:\/\/vultura.net\/wp-content\/uploads\/2023\/08\/Vultura-logo.png","contentUrl":"https:\/\/vultura.net\/wp-content\/uploads\/2023\/08\/Vultura-logo.png","width":120,"height":40,"caption":"Vultura"},"image":{"@id":"https:\/\/vultura.net\/#\/schema\/logo\/image\/"}}]}},"_links":{"self":[{"href":"https:\/\/vultura.net\/fr\/wp-json\/wp\/v2\/pages\/1182","targetHints":{"allow":["GET"]}}],"collection":[{"href":"https:\/\/vultura.net\/fr\/wp-json\/wp\/v2\/pages"}],"about":[{"href":"https:\/\/vultura.net\/fr\/wp-json\/wp\/v2\/types\/page"}],"author":[{"embeddable":true,"href":"https:\/\/vultura.net\/fr\/wp-json\/wp\/v2\/users\/1"}],"replies":[{"embeddable":true,"href":"https:\/\/vultura.net\/fr\/wp-json\/wp\/v2\/comments?post=1182"}],"version-history":[{"count":14,"href":"https:\/\/vultura.net\/fr\/wp-json\/wp\/v2\/pages\/1182\/revisions"}],"predecessor-version":[{"id":2456,"href":"https:\/\/vultura.net\/fr\/wp-json\/wp\/v2\/pages\/1182\/revisions\/2456"}],"wp:attachment":[{"href":"https:\/\/vultura.net\/fr\/wp-json\/wp\/v2\/media?parent=1182"}],"curies":[{"name":"wp","href":"https:\/\/api.w.org\/{rel}","templated":true}]}}