{"id":2022,"date":"2023-11-24T00:33:12","date_gmt":"2023-11-24T00:33:12","guid":{"rendered":"https:\/\/vultura.net\/avis-juridique\/"},"modified":"2023-11-30T09:50:10","modified_gmt":"2023-11-30T09:50:10","slug":"mention-legale","status":"publish","type":"page","link":"https:\/\/vultura.net\/fr\/mention-legale\/","title":{"rendered":"Mention L\u00e9gale"},"content":{"rendered":"<div class=\"wpb-content-wrapper\"><p>[vc_row full_width=\u00a0\u00bbstretch_row_content_no_spaces\u00a0\u00bb][vc_column width=\u00a0\u00bb1\/4&Prime;][\/vc_column][vc_column width=\u00a0\u00bb1\/2&Prime;][vc_custom_heading text=\u00a0\u00bbMention L\u00e9gale\u00a0\u00bb font_container=\u00a0\u00bbtag:h4|text_align:left\u00a0\u00bb][vc_column_text]<\/p>\n<p style=\"text-align: justify;\">Le site est \u00e9dit\u00e9 par NEPTO, soci\u00e9t\u00e9 par actions simplifi\u00e9e, au capital de 1 000,00 euros, immatricul\u00e9e au Registre du Commerce et des Soci\u00e9t\u00e9s de Versailles sous le num\u00e9ro 840 805 535. Son si\u00e8ge social est situ\u00e9 au 1 rue Gambetta, 78600 Mesnil-le-roi. Adresse \u00e9lectronique : info@vultura.net Num\u00e9ro de TVA intracommunautaire : FR02 840805535 Le directeur de la publication est Vincent Ifrah, pr\u00e9sident de NEPTO SAS. Le site est h\u00e9berg\u00e9 par GoDaddy. Informations concernant le r\u00e8glement des litiges en ligne conform\u00e9ment \u00e0 l&rsquo;art. 14 Para. 1 de l&rsquo;ODR (Online Dispute Resolution Regulation) : La Commission europ\u00e9enne donne aux consommateurs la possibilit\u00e9 de r\u00e9soudre les litiges en ligne conform\u00e9ment \u00e0 l&rsquo;art. 14 Para. 1 de l&rsquo;ODR sur l&rsquo;une de leurs plateformes. La plateforme (http:\/\/ec.europa.eu\/consumers\/odr) est un site o\u00f9 les consommateurs peuvent tenter de r\u00e9gler \u00e0 l&rsquo;amiable les litiges r\u00e9sultant d&rsquo;achats en ligne et de contrats de services.<\/p>\n<p>[\/vc_column_text][\/vc_column][vc_column width=\u00a0\u00bb1\/4&Prime;][\/vc_column][\/vc_row]<\/p>\n<\/div>","protected":false},"excerpt":{"rendered":"<p>[vc_row full_width=\u00a0\u00bbstretch_row_content_no_spaces\u00a0\u00bb][vc_column width=\u00a0\u00bb1\/4&Prime;][\/vc_column][vc_column width=\u00a0\u00bb1\/2&Prime;][vc_custom_heading text=\u00a0\u00bbMention L\u00e9gale\u00a0\u00bb font_container=\u00a0\u00bbtag:h4|text_align:left\u00a0\u00bb][vc_column_text] Le site est \u00e9dit\u00e9 par NEPTO, soci\u00e9t\u00e9 par actions simplifi\u00e9e, au capital de 1 000,00 euros, immatricul\u00e9e au Registre du Commerce et des Soci\u00e9t\u00e9s de Versailles sous le num\u00e9ro 840 805 535. Son si\u00e8ge social est situ\u00e9 au 1 rue Gambetta, 78600 Mesnil-le-roi. Adresse \u00e9lectronique : info@vultura.net Num\u00e9ro [&hellip;]<\/p>\n","protected":false},"author":1,"featured_media":0,"parent":0,"menu_order":0,"comment_status":"closed","ping_status":"closed","template":"","meta":{"_acf_changed":false,"hide_page_title":"","footnotes":""},"class_list":["post-2022","page","type-page","status-publish","hentry"],"acf":[],"yoast_head":"<!-- This site is optimized with the Yoast SEO plugin v26.1.1 - https:\/\/yoast.com\/wordpress\/plugins\/seo\/ -->\n<title>Mention L\u00e9gale - Vultura<\/title>\n<meta name=\"description\" content=\"Le site est \u00e9dit\u00e9 par NEPTO, soci\u00e9t\u00e9 par actions simplifi\u00e9e, au capital de 1\u2019000.00 euros, immatricul\u00e9e au Registre du Commerce et des Soci\u00e9t\u00e9s de Versailles sous le num\u00e9ro 840 805 535.\" \/>\n<meta name=\"robots\" content=\"index, follow, max-snippet:-1, max-image-preview:large, max-video-preview:-1\" \/>\n<link rel=\"canonical\" href=\"https:\/\/vultura.net\/fr\/mention-legale\/\" \/>\n<meta property=\"og:locale\" content=\"fr_FR\" \/>\n<meta property=\"og:type\" content=\"article\" \/>\n<meta property=\"og:title\" content=\"Mention L\u00e9gale - Vultura\" \/>\n<meta property=\"og:description\" content=\"Le site est \u00e9dit\u00e9 par NEPTO, soci\u00e9t\u00e9 par actions simplifi\u00e9e, au capital de 1\u2019000.00 euros, immatricul\u00e9e au Registre du Commerce et des Soci\u00e9t\u00e9s de Versailles sous le num\u00e9ro 840 805 535.\" \/>\n<meta property=\"og:url\" content=\"https:\/\/vultura.net\/fr\/mention-legale\/\" \/>\n<meta property=\"og:site_name\" content=\"Vultura\" \/>\n<meta property=\"article:modified_time\" content=\"2023-11-30T09:50:10+00:00\" \/>\n<meta name=\"twitter:card\" content=\"summary_large_image\" \/>\n<meta name=\"twitter:label1\" content=\"Dur\u00e9e de lecture estim\u00e9e\" \/>\n\t<meta name=\"twitter:data1\" content=\"1 minute\" \/>\n<script type=\"application\/ld+json\" class=\"yoast-schema-graph\">{\"@context\":\"https:\/\/schema.org\",\"@graph\":[{\"@type\":\"WebPage\",\"@id\":\"https:\/\/vultura.net\/fr\/mention-legale\/\",\"url\":\"https:\/\/vultura.net\/fr\/mention-legale\/\",\"name\":\"Mention L\u00e9gale - Vultura\",\"isPartOf\":{\"@id\":\"https:\/\/vultura.net\/#website\"},\"datePublished\":\"2023-11-24T00:33:12+00:00\",\"dateModified\":\"2023-11-30T09:50:10+00:00\",\"description\":\"Le site est \u00e9dit\u00e9 par NEPTO, soci\u00e9t\u00e9 par actions simplifi\u00e9e, au capital de 1\u2019000.00 euros, immatricul\u00e9e au Registre du Commerce et des Soci\u00e9t\u00e9s de Versailles sous le num\u00e9ro 840 805 535.\",\"inLanguage\":\"fr-FR\",\"potentialAction\":[{\"@type\":\"ReadAction\",\"target\":[\"https:\/\/vultura.net\/fr\/mention-legale\/\"]}]},{\"@type\":\"WebSite\",\"@id\":\"https:\/\/vultura.net\/#website\",\"url\":\"https:\/\/vultura.net\/\",\"name\":\"Vultura\",\"description\":\"It&#039;s about time\",\"publisher\":{\"@id\":\"https:\/\/vultura.net\/#organization\"},\"potentialAction\":[{\"@type\":\"SearchAction\",\"target\":{\"@type\":\"EntryPoint\",\"urlTemplate\":\"https:\/\/vultura.net\/?s={search_term_string}\"},\"query-input\":{\"@type\":\"PropertyValueSpecification\",\"valueRequired\":true,\"valueName\":\"search_term_string\"}}],\"inLanguage\":\"fr-FR\"},{\"@type\":\"Organization\",\"@id\":\"https:\/\/vultura.net\/#organization\",\"name\":\"Vultura\",\"url\":\"https:\/\/vultura.net\/\",\"logo\":{\"@type\":\"ImageObject\",\"inLanguage\":\"fr-FR\",\"@id\":\"https:\/\/vultura.net\/#\/schema\/logo\/image\/\",\"url\":\"https:\/\/vultura.net\/wp-content\/uploads\/2023\/08\/Vultura-logo.png\",\"contentUrl\":\"https:\/\/vultura.net\/wp-content\/uploads\/2023\/08\/Vultura-logo.png\",\"width\":120,\"height\":40,\"caption\":\"Vultura\"},\"image\":{\"@id\":\"https:\/\/vultura.net\/#\/schema\/logo\/image\/\"}}]}<\/script>\n<!-- \/ Yoast SEO plugin. -->","yoast_head_json":{"title":"Mention L\u00e9gale - Vultura","description":"Le site est \u00e9dit\u00e9 par NEPTO, soci\u00e9t\u00e9 par actions simplifi\u00e9e, au capital de 1\u2019000.00 euros, immatricul\u00e9e au Registre du Commerce et des Soci\u00e9t\u00e9s de Versailles sous le num\u00e9ro 840 805 535.","robots":{"index":"index","follow":"follow","max-snippet":"max-snippet:-1","max-image-preview":"max-image-preview:large","max-video-preview":"max-video-preview:-1"},"canonical":"https:\/\/vultura.net\/fr\/mention-legale\/","og_locale":"fr_FR","og_type":"article","og_title":"Mention L\u00e9gale - Vultura","og_description":"Le site est \u00e9dit\u00e9 par NEPTO, soci\u00e9t\u00e9 par actions simplifi\u00e9e, au capital de 1\u2019000.00 euros, immatricul\u00e9e au Registre du Commerce et des Soci\u00e9t\u00e9s de Versailles sous le num\u00e9ro 840 805 535.","og_url":"https:\/\/vultura.net\/fr\/mention-legale\/","og_site_name":"Vultura","article_modified_time":"2023-11-30T09:50:10+00:00","twitter_card":"summary_large_image","twitter_misc":{"Dur\u00e9e de lecture estim\u00e9e":"1 minute"},"schema":{"@context":"https:\/\/schema.org","@graph":[{"@type":"WebPage","@id":"https:\/\/vultura.net\/fr\/mention-legale\/","url":"https:\/\/vultura.net\/fr\/mention-legale\/","name":"Mention L\u00e9gale - Vultura","isPartOf":{"@id":"https:\/\/vultura.net\/#website"},"datePublished":"2023-11-24T00:33:12+00:00","dateModified":"2023-11-30T09:50:10+00:00","description":"Le site est \u00e9dit\u00e9 par NEPTO, soci\u00e9t\u00e9 par actions simplifi\u00e9e, au capital de 1\u2019000.00 euros, immatricul\u00e9e au Registre du Commerce et des Soci\u00e9t\u00e9s de Versailles sous le num\u00e9ro 840 805 535.","inLanguage":"fr-FR","potentialAction":[{"@type":"ReadAction","target":["https:\/\/vultura.net\/fr\/mention-legale\/"]}]},{"@type":"WebSite","@id":"https:\/\/vultura.net\/#website","url":"https:\/\/vultura.net\/","name":"Vultura","description":"It&#039;s about time","publisher":{"@id":"https:\/\/vultura.net\/#organization"},"potentialAction":[{"@type":"SearchAction","target":{"@type":"EntryPoint","urlTemplate":"https:\/\/vultura.net\/?s={search_term_string}"},"query-input":{"@type":"PropertyValueSpecification","valueRequired":true,"valueName":"search_term_string"}}],"inLanguage":"fr-FR"},{"@type":"Organization","@id":"https:\/\/vultura.net\/#organization","name":"Vultura","url":"https:\/\/vultura.net\/","logo":{"@type":"ImageObject","inLanguage":"fr-FR","@id":"https:\/\/vultura.net\/#\/schema\/logo\/image\/","url":"https:\/\/vultura.net\/wp-content\/uploads\/2023\/08\/Vultura-logo.png","contentUrl":"https:\/\/vultura.net\/wp-content\/uploads\/2023\/08\/Vultura-logo.png","width":120,"height":40,"caption":"Vultura"},"image":{"@id":"https:\/\/vultura.net\/#\/schema\/logo\/image\/"}}]}},"_links":{"self":[{"href":"https:\/\/vultura.net\/fr\/wp-json\/wp\/v2\/pages\/2022","targetHints":{"allow":["GET"]}}],"collection":[{"href":"https:\/\/vultura.net\/fr\/wp-json\/wp\/v2\/pages"}],"about":[{"href":"https:\/\/vultura.net\/fr\/wp-json\/wp\/v2\/types\/page"}],"author":[{"embeddable":true,"href":"https:\/\/vultura.net\/fr\/wp-json\/wp\/v2\/users\/1"}],"replies":[{"embeddable":true,"href":"https:\/\/vultura.net\/fr\/wp-json\/wp\/v2\/comments?post=2022"}],"version-history":[{"count":13,"href":"https:\/\/vultura.net\/fr\/wp-json\/wp\/v2\/pages\/2022\/revisions"}],"predecessor-version":[{"id":2185,"href":"https:\/\/vultura.net\/fr\/wp-json\/wp\/v2\/pages\/2022\/revisions\/2185"}],"wp:attachment":[{"href":"https:\/\/vultura.net\/fr\/wp-json\/wp\/v2\/media?parent=2022"}],"curies":[{"name":"wp","href":"https:\/\/api.w.org\/{rel}","templated":true}]}}